{"id":2,"date":"2013-08-01T12:56:34","date_gmt":"2013-08-01T12:56:34","guid":{"rendered":"http:\/\/www.dmdm.si\/?page_id=2"},"modified":"2013-08-19T20:11:36","modified_gmt":"2013-08-19T18:11:36","slug":"vzorcna-stran","status":"publish","type":"page","link":"http:\/\/www.dmdm.si\/?page_id=2","title":{"rendered":"Deklariranje in pakiranje"},"content":{"rendered":"<p>Uvoznikom blaga nudimo kvalitetno deklariranje ter pakiranje.<br \/>\n<strong>Pakiranje blaga<\/strong> se uporablja pri akcijah kot so naprimer 1+1 gratis, 2+1 gratis \u00a0SPAR<br \/>\nXXL akcije , itd. Pakiranje je tukaj mi\u0161ljeno, kjer se ve\u010d enot spakira v eno.<\/p>\n<p><strong>Deklariranje izdelkov<\/strong> pri uvozu blaga, kjer je potrebno nalepiti dodatne\u00a0deklaracije( ozna\u010dbe v Sloven\u0161\u010dini, nova EAN koda, itd.)<\/p>\n<p>&nbsp;<\/p>\n\n\t\t<style type=\"text\/css\">\n\t\t\t#gallery-1 {\n\t\t\t\tmargin: auto;\n\t\t\t}\n\t\t\t#gallery-1 .gallery-item {\n\t\t\t\tfloat: left;\n\t\t\t\tmargin-top: 10px;\n\t\t\t\ttext-align: center;\n\t\t\t\twidth: 33%;\n\t\t\t}\n\t\t\t#gallery-1 img {\n\t\t\t\tborder: 2px solid #cfcfcf;\n\t\t\t}\n\t\t\t#gallery-1 .gallery-caption {\n\t\t\t\tmargin-left: 0;\n\t\t\t}\n\t\t\t\/* see gallery_shortcode() in wp-includes\/media.php *\/\n\t\t<\/style>\n\t\t<div id='gallery-1' class='gallery galleryid-2 gallery-columns-3 gallery-size-thumbnail'><dl class='gallery-item'>\n\t\t\t<dt class='gallery-icon landscape'>\n\t\t\t\t<a href='http:\/\/www.dmdm.si\/?attachment_id=76'><img loading=\"lazy\" decoding=\"async\" width=\"150\" height=\"150\" src=\"http:\/\/www.dmdm.si\/wp-content\/uploads\/2013\/08\/Slika-012-150x150.jpg\" class=\"attachment-thumbnail size-thumbnail\" alt=\"\" \/><\/a>\n\t\t\t<\/dt><\/dl><dl class='gallery-item'>\n\t\t\t<dt class='gallery-icon landscape'>\n\t\t\t\t<a href='http:\/\/www.dmdm.si\/?attachment_id=77'><img loading=\"lazy\" decoding=\"async\" width=\"150\" height=\"150\" src=\"http:\/\/www.dmdm.si\/wp-content\/uploads\/2013\/08\/Slika-016-150x150.jpg\" class=\"attachment-thumbnail size-thumbnail\" alt=\"\" \/><\/a>\n\t\t\t<\/dt><\/dl><dl class='gallery-item'>\n\t\t\t<dt class='gallery-icon landscape'>\n\t\t\t\t<a href='http:\/\/www.dmdm.si\/?attachment_id=78'><img loading=\"lazy\" decoding=\"async\" width=\"150\" height=\"150\" src=\"http:\/\/www.dmdm.si\/wp-content\/uploads\/2013\/08\/Slika-019-150x150.jpg\" class=\"attachment-thumbnail size-thumbnail\" alt=\"\" \/><\/a>\n\t\t\t<\/dt><\/dl><br style=\"clear: both\" \/><dl class='gallery-item'>\n\t\t\t<dt class='gallery-icon landscape'>\n\t\t\t\t<a href='http:\/\/www.dmdm.si\/?attachment_id=79'><img loading=\"lazy\" decoding=\"async\" width=\"150\" height=\"150\" src=\"http:\/\/www.dmdm.si\/wp-content\/uploads\/2013\/08\/Slika-021-150x150.jpg\" class=\"attachment-thumbnail size-thumbnail\" alt=\"\" \/><\/a>\n\t\t\t<\/dt><\/dl>\n\t\t\t<br style='clear: both' \/>\n\t\t<\/div>\n\n","protected":false},"excerpt":{"rendered":"<p>Uvoznikom blaga nudimo kvalitetno deklariranje ter pakiranje. Pakiranje blaga se uporablja pri akcijah kot so naprimer 1+1 gratis, 2+1 gratis \u00a0SPAR XXL akcije , itd. Pakiranje je tukaj mi\u0161ljeno, kjer se ve\u010d enot spakira v eno. Deklariranje izdelkov pri uvozu blaga, kjer je potrebno nalepiti dodatne\u00a0deklaracije( ozna\u010dbe v Sloven\u0161\u010dini, nova EAN koda, itd.) &nbsp;<\/p>\n","protected":false},"author":1,"featured_media":0,"parent":0,"menu_order":0,"comment_status":"closed","ping_status":"open","template":"","meta":{"footnotes":""},"class_list":["post-2","page","type-page","status-publish","hentry"],"_links":{"self":[{"href":"http:\/\/www.dmdm.si\/index.php?rest_route=\/wp\/v2\/pages\/2"}],"collection":[{"href":"http:\/\/www.dmdm.si\/index.php?rest_route=\/wp\/v2\/pages"}],"about":[{"href":"http:\/\/www.dmdm.si\/index.php?rest_route=\/wp\/v2\/types\/page"}],"author":[{"embeddable":true,"href":"http:\/\/www.dmdm.si\/index.php?rest_route=\/wp\/v2\/users\/1"}],"replies":[{"embeddable":true,"href":"http:\/\/www.dmdm.si\/index.php?rest_route=%2Fwp%2Fv2%2Fcomments&post=2"}],"version-history":[{"count":5,"href":"http:\/\/www.dmdm.si\/index.php?rest_route=\/wp\/v2\/pages\/2\/revisions"}],"predecessor-version":[{"id":80,"href":"http:\/\/www.dmdm.si\/index.php?rest_route=\/wp\/v2\/pages\/2\/revisions\/80"}],"wp:attachment":[{"href":"http:\/\/www.dmdm.si\/index.php?rest_route=%2Fwp%2Fv2%2Fmedia&parent=2"}],"curies":[{"name":"wp","href":"https:\/\/api.w.org\/{rel}","templated":true}]}}